{"id":3690,"date":"2016-12-14T09:22:23","date_gmt":"2016-12-14T08:22:23","guid":{"rendered":"https:\/\/bluedex.de\/impressum\/"},"modified":"2024-01-15T17:41:51","modified_gmt":"2024-01-15T16:41:51","slug":"impressum","status":"publish","type":"page","link":"https:\/\/bluedex.de\/en\/impressum\/","title":{"rendered":"Impressum"},"content":{"rendered":"<div class=\"wpb-content-wrapper\"><p>[vc_row][vc_column][vc_column_text]<\/p>\n<h1 style=\"text-align: left;\">Impressum<\/h1>\n<p>BLUEDEX Partnerschaft der Rechtsanw\u00e4lte Fausel + Partner mbB<br \/>\nPartner sind Dr. Christian Bitsch und Dr. Michael R. Fausel<\/p>\n<p>Sitz: Frankfurt am Main<br \/>\nRegister: AG Frankfurt am Main, PR 2416<br \/>\nTower 185 &#8211; Friedrich-Ebert-Anlage 35-37<br \/>\n60327 Frankfurt am Main<br \/>\nT: +49 (0) 69 &#8211; 78 90 48 50<br \/>\nF: +49 (0) 69 &#8211; 78 98 85 89<br \/>\nM: <a href=\"mailto:info@BLUEDEX.de\">info@BLUEDEX.de<\/a><br \/>\nUSt.-ID-Nr.: DE 309 252 748<\/p>\n<p>Die Berufshaftpflichtversicherung mit weltweiter Geltung besteht bei der Allianz Versicherung AG, K\u00f6niginstra\u00dfe 28, 80802 M\u00fcnchen.<\/p>\n<h3>Zust\u00e4ndige Kammern<\/h3>\n<p>Rechtsanwaltskammer<\/p>\n<p>Rechtsanwaltskammer Frankfurt<br \/>\nBockenheimer Anlage 36, 60322 Frankfurt am Main<br \/>\nT: +49 (0) 69 &#8211; 17 00 98 01<br \/>\nF: +49 (0) 69 &#8211; 17 00 98 50<br \/>\nM: <a href=\"mailto:info@rechtsanwaltskammer-ffm.de\">info@rechtsanwaltskammer-ffm.de<\/a><br \/>\nW: <a href=\"http:\/\/www.rechtsanwaltskammer-ffm.de\" target=\"_blank\" rel=\"noopener noreferrer\">www.rechtsanwaltskammer-ffm.de<\/a><\/p>\n<p>Alle Rechtsanw\u00e4lte der Soziet\u00e4t sind in der Bundesrepublik Deutschland zugelassen. Die f\u00fcr Rechtsanw\u00e4lte ma\u00dfgeblichen berufsrechtlichen Regelungen sind die Bundesrechtsanwaltsordnung, die Berufsordnung, die Fachanwaltsordnung, das Rechtsanwaltsverg\u00fctungsgesetz und die Berufsregeln der Rechtsanw\u00e4lte der Europ\u00e4ischen Union. Die Texte finden sich unter www.brak.de in der Rubrik \u00bbBerufsregeln\u00ab.<\/p>\n<p>&nbsp;<\/p>\n<h3>Information und Haftung<\/h3>\n<p>Es wurden alle Anstrengungen unternommen, um die Richtigkeit der auf diesen Webseiten enthaltenen Informationen und Links zu gew\u00e4hrleisten. Jedoch ist jegliche Haftung im Zusammenhang mit der Nutzung der Informationen, der Links oder dem Vertrauen auf deren Richtigkeit ausgeschlossen. Die auf diesen Webseiten enthaltenen Informationen stellen keine Rechtsberatung dar.<\/p>\n<h3>Anwendbares Recht<\/h3>\n<p>Die rechtlichen Hinweise auf dieser Seite sowie alle Fragen und Streitigkeiten im Zusammenhang mit dieser Webseite unterliegen dem Recht der Bundesrepublik Deutschland.<\/p>\n<h3>Urheberrecht<\/h3>\n<p>Das Urheberrecht an dem Inhalt dieser Webseite oder Teilen davon steht BLUEDEX oder demjenigen zu, dem BLUEDEX ein entsprechendes Nutzungsrecht einger\u00e4umt hat. Einzelne Seiten dieser Webseite d\u00fcrfen zum ausschlie\u00dflichen Gebrauch innerhalb Ihres Unternehmens heruntergeladen, vor\u00fcbergehend gespeichert und gedruckt werden. Jede andere Vervielf\u00e4ltigung, \u00dcbertragung oder Verbreitung jeglichen Inhalts dieser Webseite, insbesondere durch Herunterladen, Speichern oder Drucken, ist ohne die ausdr\u00fcckliche Einwilligung von BLUEDEX verboten.<\/p>\n<p>BLUEDEX ist eine eingetragene Wortmarke der BLUEDEX Partnerschaft der Rechtsanw\u00e4lte Fausel + Kollegen mit beschr\u00e4nkter Berufshaftung.<\/p>\n<p>Das Logo ist eine eingetragene Bildmarke der BLUEDEX Partnerschaft der Rechtsanw\u00e4lte Fausel + Kollegen mit beschr\u00e4nkter Berufshaftung.<\/p>\n<h3>Verbraucherstreitbeilegung<\/h3>\n<p>BLUEDEX nimmt nicht an Streitbeilegungsverfahren vor einer Verbraucherschlichtungsstelle teil.<\/p>\n<p>Online-Streitbeilegungsplattform<\/p>\n<p>Die Europ\u00e4ische Kommission stellt eine Plattform zur Online-Streitbeilegung bereit, die Sie unter <a href=\"http:\/\/ec.europa.eu\/consumers\/odr\/\" target=\"_blank\" rel=\"noopener\">http:\/\/ec.europa.eu\/consumers\/odr\/<\/a> finden.<\/p>\n<h3>Fotografie<\/h3>\n<p>Oliver R\u00fcther<br \/>\n<a href=\"http:\/\/www.oliver-ruether.de\" target=\"_blank\" rel=\"noopener noreferrer\">www.oliver-ruether.de<\/a>[\/vc_column_text][\/vc_column][\/vc_row]<\/p>\n<div class=\"shariff shariff-align-left shariff-widget-align-left\"><ul class=\"shariff-buttons theme-default orientation-horizontal buttonsize-small\"><li class=\"shariff-button mailto shariff-nocustomcolor\" style=\"background-color:#a8a8a8\"><a href=\"mailto:?body=https%3A%2F%2Fbluedex.de%2Fen%2Fimpressum%2F&subject=Impressum\" title=\"Send by email\" aria-label=\"Send by email\" role=\"button\" rel=\"noopener nofollow\" class=\"shariff-link\" style=\"; background-color:#999; color:#fff\"><span class=\"shariff-icon\" style=\"\"><svg width=\"32px\" height=\"20px\" xmlns=\"http:\/\/www.w3.org\/2000\/svg\" viewBox=\"0 0 32 32\"><path fill=\"#999\" d=\"M32 12.7v14.2q0 1.2-0.8 2t-2 0.9h-26.3q-1.2 0-2-0.9t-0.8-2v-14.2q0.8 0.9 1.8 1.6 6.5 4.4 8.9 6.1 1 0.8 1.6 1.2t1.7 0.9 2 0.4h0.1q0.9 0 2-0.4t1.7-0.9 1.6-1.2q3-2.2 8.9-6.1 1-0.7 1.8-1.6zM32 7.4q0 1.4-0.9 2.7t-2.2 2.2q-6.7 4.7-8.4 5.8-0.2 0.1-0.7 0.5t-1 0.7-0.9 0.6-1.1 0.5-0.9 0.2h-0.1q-0.4 0-0.9-0.2t-1.1-0.5-0.9-0.6-1-0.7-0.7-0.5q-1.6-1.1-4.7-3.2t-3.6-2.6q-1.1-0.7-2.1-2t-1-2.5q0-1.4 0.7-2.3t2.1-0.9h26.3q1.2 0 2 0.8t0.9 2z\"\/><\/svg><\/span><span class=\"shariff-text\">email<\/span>&nbsp;<\/a><\/li><li class=\"shariff-button xing shariff-nocustomcolor\" style=\"background-color:#29888a\"><a href=\"https:\/\/www.xing.com\/spi\/shares\/new?url=https%3A%2F%2Fbluedex.de%2Fen%2Fimpressum%2F\" title=\"Share on XING\" aria-label=\"Share on XING\" role=\"button\" rel=\"noopener nofollow\" class=\"shariff-link\" style=\"; background-color:#126567; color:#fff\" target=\"_blank\"><span class=\"shariff-icon\" style=\"\"><svg width=\"32px\" height=\"20px\" xmlns=\"http:\/\/www.w3.org\/2000\/svg\" viewBox=\"0 0 25 32\"><path fill=\"#126567\" d=\"M10.7 11.9q-0.2 0.3-4.6 8.2-0.5 0.8-1.2 0.8h-4.3q-0.4 0-0.5-0.3t0-0.6l4.5-8q0 0 0 0l-2.9-5q-0.2-0.4 0-0.7 0.2-0.3 0.5-0.3h4.3q0.7 0 1.2 0.8zM25.1 0.4q0.2 0.3 0 0.7l-9.4 16.7 6 11q0.2 0.4 0 0.6-0.2 0.3-0.6 0.3h-4.3q-0.7 0-1.2-0.8l-6-11.1q0.3-0.6 9.5-16.8 0.4-0.8 1.2-0.8h4.3q0.4 0 0.5 0.3z\"\/><\/svg><\/span><span class=\"shariff-text\">share<\/span>&nbsp;<\/a><\/li><li class=\"shariff-button facebook shariff-nocustomcolor\" style=\"background-color:#4273c8\"><a href=\"https:\/\/www.facebook.com\/sharer\/sharer.php?u=https%3A%2F%2Fbluedex.de%2Fen%2Fimpressum%2F\" title=\"Share on Facebook\" aria-label=\"Share on Facebook\" role=\"button\" rel=\"nofollow\" class=\"shariff-link\" style=\"; background-color:#3b5998; color:#fff\" target=\"_blank\"><span class=\"shariff-icon\" style=\"\"><svg width=\"32px\" height=\"20px\" xmlns=\"http:\/\/www.w3.org\/2000\/svg\" viewBox=\"0 0 18 32\"><path fill=\"#3b5998\" d=\"M17.1 0.2v4.7h-2.8q-1.5 0-2.1 0.6t-0.5 1.9v3.4h5.2l-0.7 5.3h-4.5v13.6h-5.5v-13.6h-4.5v-5.3h4.5v-3.9q0-3.3 1.9-5.2t5-1.8q2.6 0 4.1 0.2z\"\/><\/svg><\/span><span class=\"shariff-text\">share<\/span>&nbsp;<\/a><\/li><li class=\"shariff-button linkedin shariff-nocustomcolor\" style=\"background-color:#1488bf\"><a href=\"https:\/\/www.linkedin.com\/sharing\/share-offsite\/?url=https%3A%2F%2Fbluedex.de%2Fen%2Fimpressum%2F\" title=\"Share on LinkedIn\" aria-label=\"Share on LinkedIn\" role=\"button\" rel=\"noopener nofollow\" class=\"shariff-link\" style=\"; background-color:#0077b5; color:#fff\" target=\"_blank\"><span class=\"shariff-icon\" style=\"\"><svg width=\"32px\" height=\"20px\" xmlns=\"http:\/\/www.w3.org\/2000\/svg\" viewBox=\"0 0 27 32\"><path fill=\"#0077b5\" d=\"M6.2 11.2v17.7h-5.9v-17.7h5.9zM6.6 5.7q0 1.3-0.9 2.2t-2.4 0.9h0q-1.5 0-2.4-0.9t-0.9-2.2 0.9-2.2 2.4-0.9 2.4 0.9 0.9 2.2zM27.4 18.7v10.1h-5.9v-9.5q0-1.9-0.7-2.9t-2.3-1.1q-1.1 0-1.9 0.6t-1.2 1.5q-0.2 0.5-0.2 1.4v9.9h-5.9q0-7.1 0-11.6t0-5.3l0-0.9h5.9v2.6h0q0.4-0.6 0.7-1t1-0.9 1.6-0.8 2-0.3q3 0 4.9 2t1.9 6z\"\/><\/svg><\/span><span class=\"shariff-text\">share<\/span>&nbsp;<\/a><\/li><li class=\"shariff-button printer shariff-nocustomcolor\" style=\"background-color:#a8a8a8\"><a href=\"javascript:window.print()\" title=\"print\" aria-label=\"print\" role=\"button\" rel=\"noopener nofollow\" class=\"shariff-link\" style=\"; background-color:#999; color:#fff\"><span class=\"shariff-icon\" style=\"\"><svg width=\"32px\" height=\"20px\" xmlns=\"http:\/\/www.w3.org\/2000\/svg\" viewBox=\"0 0 30 32\"><path fill=\"#999\" d=\"M6.8 27.4h16v-4.6h-16v4.6zM6.8 16h16v-6.8h-2.8q-0.7 0-1.2-0.5t-0.5-1.2v-2.8h-11.4v11.4zM27.4 17.2q0-0.5-0.3-0.8t-0.8-0.4-0.8 0.4-0.3 0.8 0.3 0.8 0.8 0.3 0.8-0.3 0.3-0.8zM29.7 17.2v7.4q0 0.2-0.2 0.4t-0.4 0.2h-4v2.8q0 0.7-0.5 1.2t-1.2 0.5h-17.2q-0.7 0-1.2-0.5t-0.5-1.2v-2.8h-4q-0.2 0-0.4-0.2t-0.2-0.4v-7.4q0-1.4 1-2.4t2.4-1h1.2v-9.7q0-0.7 0.5-1.2t1.2-0.5h12q0.7 0 1.6 0.4t1.3 0.8l2.7 2.7q0.5 0.5 0.9 1.4t0.4 1.6v4.6h1.1q1.4 0 2.4 1t1 2.4z\"\/><\/svg><\/span><span class=\"shariff-text\">print<\/span>&nbsp;<\/a><\/li><\/ul><\/div><\/div>","protected":false},"excerpt":{"rendered":"<p>[vc_row][vc_column][vc_column_text] Impressum BLUEDEX Partnerschaft der Rechtsanw\u00e4lte Fausel + Partner mbB Partner sind Dr. Christian Bitsch und Dr. Michael R. Fausel&#8230;<\/p>\n","protected":false},"author":1,"featured_media":0,"parent":0,"menu_order":0,"comment_status":"closed","ping_status":"closed","template":"","meta":{"footnotes":""},"class_list":["post-3690","page","type-page","status-publish","hentry"],"_links":{"self":[{"href":"https:\/\/bluedex.de\/en\/wp-json\/wp\/v2\/pages\/3690","targetHints":{"allow":["GET"]}}],"collection":[{"href":"https:\/\/bluedex.de\/en\/wp-json\/wp\/v2\/pages"}],"about":[{"href":"https:\/\/bluedex.de\/en\/wp-json\/wp\/v2\/types\/page"}],"author":[{"embeddable":true,"href":"https:\/\/bluedex.de\/en\/wp-json\/wp\/v2\/users\/1"}],"replies":[{"embeddable":true,"href":"https:\/\/bluedex.de\/en\/wp-json\/wp\/v2\/comments?post=3690"}],"version-history":[{"count":6,"href":"https:\/\/bluedex.de\/en\/wp-json\/wp\/v2\/pages\/3690\/revisions"}],"predecessor-version":[{"id":5881,"href":"https:\/\/bluedex.de\/en\/wp-json\/wp\/v2\/pages\/3690\/revisions\/5881"}],"wp:attachment":[{"href":"https:\/\/bluedex.de\/en\/wp-json\/wp\/v2\/media?parent=3690"}],"curies":[{"name":"wp","href":"https:\/\/api.w.org\/{rel}","templated":true}]}}