{"id":5832,"date":"2023-11-21T11:59:41","date_gmt":"2023-11-21T10:59:41","guid":{"rendered":"https:\/\/bluedex.de\/?page_id=5832"},"modified":"2026-02-25T15:08:01","modified_gmt":"2026-02-25T14:08:01","slug":"lawyer-ronja-maihoefer","status":"publish","type":"page","link":"https:\/\/bluedex.de\/en\/the-specialists\/lawyer-ronja-maihoefer\/","title":{"rendered":"Lawyer Dr. Ronja Maih\u00f6fer"},"content":{"rendered":"<div class=\"wpb-content-wrapper\"><p>[vc_row][vc_column][vc_single_image image=&#8221;6472&#8243; img_size=&#8221;large&#8221; css=&#8221;.vc_custom_1772028470924{background-color: #0a0a0a !important;}&#8221; el_class=&#8221;bluedex-header&#8221;][\/vc_column][\/vc_row][vc_row el_class=&#8221;bluedex-headline&#8221;][vc_column][vc_column_text]<\/p>\n<h1>Lawyer Dr. Ronja Maih\u00f6fer<\/h1>\n<p>[\/vc_column_text][\/vc_column][\/vc_row][vc_row css=&#8221;.vc_custom_1482310426035{margin-bottom: 30px !important;}&#8221; el_class=&#8221;expert-content&#8221;][vc_column width=&#8221;1\/2&#8243; el_class=&#8221;bluedex-text&#8221;][vc_column_text css=&#8221;&#8221; el_class=&#8221;bluedex-text&#8221;]<\/p>\n<h3 style=\"text-align: left;\">EDUCATION AND TRACK RECORD<\/h3>\n<p>Dr. Ronja Maih\u00f6fer studied law at the Julius-Maximilians-Universit\u00e4t in W\u00fcrzburg and subsequently worked on her PhD at the Chair of International Criminal Law. She completed her PhD with a thesis on the criminal procedural evaluation of the monitoring of surfing behavior on the Internet. Dr. Ronja Maih\u00f6fer also completed her legal clerkship in W\u00fcrzburg. After initially working for a large commercial law firm in Frankfurt, Dr. Maih\u00f6fer has been working as a lawyer for BLUEDEX since 2023.[\/vc_column_text][\/vc_column][vc_column width=&#8221;1\/2&#8243; el_class=&#8221;bluedex-text&#8221;][vc_column_text css=&#8221;.vc_custom_1721199451359{margin-bottom: 10px !important;}&#8221;]<\/p>\n<h3 style=\"text-align: left;\">COMPETENCIES AND SPECIALITIES<\/h3>\n<p>Dr. Maih\u00f6fer advises clients on all matters of individual and collective employment law, in particular on the international deployment of personnel (secondment of employees, temporary employment) as well as on the structuring of (cross-border) employment relationships and on nationality issues.[\/vc_column_text][vc_column_text css=&#8221;.vc_custom_1700566964562{margin-bottom: 10px !important;}&#8221;]<\/p>\n<h3 style=\"text-align: left;\">PUBLICATIONS<\/h3>\n<p>[\/vc_column_text][vc_column_text]<\/p>\n<h3 style=\"text-align: left;\">CONTACT<\/h3>\n<p><a href=\"mailto:Ronja.Maihoefer@BLUEDEX.de\">Ronja.Maihoefer@BLUEDEX.de<\/a>[\/vc_column_text][\/vc_column][\/vc_row][vc_row][vc_column][\/vc_column][\/vc_row]<\/p>\n<div class=\"shariff shariff-align-flex-start shariff-widget-align-flex-start\"><ul class=\"shariff-buttons theme-default orientation-horizontal buttonsize-small\"><li class=\"shariff-button mailto shariff-nocustomcolor\" style=\"background-color:#a8a8a8\"><a href=\"mailto:?body=https%3A%2F%2Fbluedex.de%2Fen%2Fthe-specialists%2Flawyer-ronja-maihoefer%2F&subject=Lawyer%20Dr.%20Ronja%20Maih%C3%B6fer\" title=\"Send by email\" aria-label=\"Send by email\" role=\"button\" rel=\"noopener nofollow\" class=\"shariff-link\" style=\"; background-color:#999; color:#fff\"><span class=\"shariff-icon\" style=\"\"><svg width=\"32px\" height=\"20px\" xmlns=\"http:\/\/www.w3.org\/2000\/svg\" viewBox=\"0 0 32 32\"><path fill=\"#999\" d=\"M32 12.7v14.2q0 1.2-0.8 2t-2 0.9h-26.3q-1.2 0-2-0.9t-0.8-2v-14.2q0.8 0.9 1.8 1.6 6.5 4.4 8.9 6.1 1 0.8 1.6 1.2t1.7 0.9 2 0.4h0.1q0.9 0 2-0.4t1.7-0.9 1.6-1.2q3-2.2 8.9-6.1 1-0.7 1.8-1.6zM32 7.4q0 1.4-0.9 2.7t-2.2 2.2q-6.7 4.7-8.4 5.8-0.2 0.1-0.7 0.5t-1 0.7-0.9 0.6-1.1 0.5-0.9 0.2h-0.1q-0.4 0-0.9-0.2t-1.1-0.5-0.9-0.6-1-0.7-0.7-0.5q-1.6-1.1-4.7-3.2t-3.6-2.6q-1.1-0.7-2.1-2t-1-2.5q0-1.4 0.7-2.3t2.1-0.9h26.3q1.2 0 2 0.8t0.9 2z\"\/><\/svg><\/span><span class=\"shariff-text\">email<\/span>&nbsp;<\/a><\/li><li class=\"shariff-button xing shariff-nocustomcolor\" style=\"background-color:#29888a\"><a href=\"https:\/\/www.xing.com\/spi\/shares\/new?url=https%3A%2F%2Fbluedex.de%2Fen%2Fthe-specialists%2Flawyer-ronja-maihoefer%2F\" title=\"Share on XING\" aria-label=\"Share on XING\" role=\"button\" rel=\"noopener nofollow\" class=\"shariff-link\" style=\"; background-color:#126567; color:#fff\" target=\"_blank\"><span class=\"shariff-icon\" style=\"\"><svg width=\"32px\" height=\"20px\" xmlns=\"http:\/\/www.w3.org\/2000\/svg\" viewBox=\"0 0 25 32\"><path fill=\"#126567\" d=\"M10.7 11.9q-0.2 0.3-4.6 8.2-0.5 0.8-1.2 0.8h-4.3q-0.4 0-0.5-0.3t0-0.6l4.5-8q0 0 0 0l-2.9-5q-0.2-0.4 0-0.7 0.2-0.3 0.5-0.3h4.3q0.7 0 1.2 0.8zM25.1 0.4q0.2 0.3 0 0.7l-9.4 16.7 6 11q0.2 0.4 0 0.6-0.2 0.3-0.6 0.3h-4.3q-0.7 0-1.2-0.8l-6-11.1q0.3-0.6 9.5-16.8 0.4-0.8 1.2-0.8h4.3q0.4 0 0.5 0.3z\"\/><\/svg><\/span><span class=\"shariff-text\">share<\/span>&nbsp;<\/a><\/li><li class=\"shariff-button facebook shariff-nocustomcolor\" style=\"background-color:#4273c8\"><a href=\"https:\/\/www.facebook.com\/sharer\/sharer.php?u=https%3A%2F%2Fbluedex.de%2Fen%2Fthe-specialists%2Flawyer-ronja-maihoefer%2F\" title=\"Share on Facebook\" aria-label=\"Share on Facebook\" role=\"button\" rel=\"nofollow\" class=\"shariff-link\" style=\"; background-color:#3b5998; color:#fff\" target=\"_blank\"><span class=\"shariff-icon\" style=\"\"><svg width=\"32px\" height=\"20px\" xmlns=\"http:\/\/www.w3.org\/2000\/svg\" viewBox=\"0 0 18 32\"><path fill=\"#3b5998\" d=\"M17.1 0.2v4.7h-2.8q-1.5 0-2.1 0.6t-0.5 1.9v3.4h5.2l-0.7 5.3h-4.5v13.6h-5.5v-13.6h-4.5v-5.3h4.5v-3.9q0-3.3 1.9-5.2t5-1.8q2.6 0 4.1 0.2z\"\/><\/svg><\/span><span class=\"shariff-text\">share<\/span>&nbsp;<\/a><\/li><li class=\"shariff-button linkedin shariff-nocustomcolor\" style=\"background-color:#1488bf\"><a href=\"https:\/\/www.linkedin.com\/sharing\/share-offsite\/?url=https%3A%2F%2Fbluedex.de%2Fen%2Fthe-specialists%2Flawyer-ronja-maihoefer%2F\" title=\"Share on LinkedIn\" aria-label=\"Share on LinkedIn\" role=\"button\" rel=\"noopener nofollow\" class=\"shariff-link\" style=\"; background-color:#0077b5; color:#fff\" target=\"_blank\"><span class=\"shariff-icon\" style=\"\"><svg width=\"32px\" height=\"20px\" xmlns=\"http:\/\/www.w3.org\/2000\/svg\" viewBox=\"0 0 27 32\"><path fill=\"#0077b5\" d=\"M6.2 11.2v17.7h-5.9v-17.7h5.9zM6.6 5.7q0 1.3-0.9 2.2t-2.4 0.9h0q-1.5 0-2.4-0.9t-0.9-2.2 0.9-2.2 2.4-0.9 2.4 0.9 0.9 2.2zM27.4 18.7v10.1h-5.9v-9.5q0-1.9-0.7-2.9t-2.3-1.1q-1.1 0-1.9 0.6t-1.2 1.5q-0.2 0.5-0.2 1.4v9.9h-5.9q0-7.1 0-11.6t0-5.3l0-0.9h5.9v2.6h0q0.4-0.6 0.7-1t1-0.9 1.6-0.8 2-0.3q3 0 4.9 2t1.9 6z\"\/><\/svg><\/span><span class=\"shariff-text\">share<\/span>&nbsp;<\/a><\/li><li class=\"shariff-button printer shariff-nocustomcolor\" style=\"background-color:#a8a8a8\"><a href=\"javascript:window.print()\" title=\"print\" aria-label=\"print\" role=\"button\" rel=\"noopener nofollow\" class=\"shariff-link\" style=\"; background-color:#999; color:#fff\"><span class=\"shariff-icon\" style=\"\"><svg width=\"32px\" height=\"20px\" xmlns=\"http:\/\/www.w3.org\/2000\/svg\" viewBox=\"0 0 30 32\"><path fill=\"#999\" d=\"M6.8 27.4h16v-4.6h-16v4.6zM6.8 16h16v-6.8h-2.8q-0.7 0-1.2-0.5t-0.5-1.2v-2.8h-11.4v11.4zM27.4 17.2q0-0.5-0.3-0.8t-0.8-0.4-0.8 0.4-0.3 0.8 0.3 0.8 0.8 0.3 0.8-0.3 0.3-0.8zM29.7 17.2v7.4q0 0.2-0.2 0.4t-0.4 0.2h-4v2.8q0 0.7-0.5 1.2t-1.2 0.5h-17.2q-0.7 0-1.2-0.5t-0.5-1.2v-2.8h-4q-0.2 0-0.4-0.2t-0.2-0.4v-7.4q0-1.4 1-2.4t2.4-1h1.2v-9.7q0-0.7 0.5-1.2t1.2-0.5h12q0.7 0 1.6 0.4t1.3 0.8l2.7 2.7q0.5 0.5 0.9 1.4t0.4 1.6v4.6h1.1q1.4 0 2.4 1t1 2.4z\"\/><\/svg><\/span><span class=\"shariff-text\">print<\/span>&nbsp;<\/a><\/li><\/ul><\/div><\/div>","protected":false},"excerpt":{"rendered":"<p>[vc_row][vc_column][vc_single_image image=&#8221;6472&#8243; img_size=&#8221;large&#8221; css=&#8221;.vc_custom_1772028470924{background-color: #0a0a0a !important;}&#8221; el_class=&#8221;bluedex-header&#8221;][\/vc_column][\/vc_row][vc_row el_class=&#8221;bluedex-headline&#8221;][vc_column][vc_column_text] Lawyer Dr. Ronja Maih\u00f6fer [\/vc_column_text][\/vc_column][\/vc_row][vc_row css=&#8221;.vc_custom_1482310426035{margin-bottom: 30px !important;}&#8221; el_class=&#8221;expert-content&#8221;][vc_column width=&#8221;1\/2&#8243; el_class=&#8221;bluedex-text&#8221;][vc_column_text css=&#8221;&#8221;&#8230;<\/p>\n","protected":false},"author":26,"featured_media":0,"parent":2264,"menu_order":0,"comment_status":"closed","ping_status":"closed","template":"","meta":{"footnotes":""},"class_list":["post-5832","page","type-page","status-publish","hentry"],"_links":{"self":[{"href":"https:\/\/bluedex.de\/en\/wp-json\/wp\/v2\/pages\/5832","targetHints":{"allow":["GET"]}}],"collection":[{"href":"https:\/\/bluedex.de\/en\/wp-json\/wp\/v2\/pages"}],"about":[{"href":"https:\/\/bluedex.de\/en\/wp-json\/wp\/v2\/types\/page"}],"author":[{"embeddable":true,"href":"https:\/\/bluedex.de\/en\/wp-json\/wp\/v2\/users\/26"}],"replies":[{"embeddable":true,"href":"https:\/\/bluedex.de\/en\/wp-json\/wp\/v2\/comments?post=5832"}],"version-history":[{"count":6,"href":"https:\/\/bluedex.de\/en\/wp-json\/wp\/v2\/pages\/5832\/revisions"}],"predecessor-version":[{"id":6576,"href":"https:\/\/bluedex.de\/en\/wp-json\/wp\/v2\/pages\/5832\/revisions\/6576"}],"up":[{"embeddable":true,"href":"https:\/\/bluedex.de\/en\/wp-json\/wp\/v2\/pages\/2264"}],"wp:attachment":[{"href":"https:\/\/bluedex.de\/en\/wp-json\/wp\/v2\/media?parent=5832"}],"curies":[{"name":"wp","href":"https:\/\/api.w.org\/{rel}","templated":true}]}}